{"id":912,"date":"2025-06-20T09:23:08","date_gmt":"2025-06-20T09:23:08","guid":{"rendered":"https:\/\/icdsa.es\/services\/"},"modified":"2026-02-19T07:38:00","modified_gmt":"2026-02-19T07:38:00","slug":"experiencia","status":"publish","type":"page","link":"https:\/\/icdsa.es\/es\/expertise\/","title":{"rendered":"Experiencia"},"content":{"rendered":"<div class=\"wp-block-uagb-container uagb-block-b5d35cd4 alignfull uagb-is-root-container\"><div class=\"uagb-container-inner-blocks-wrap\">\n<div class=\"wp-block-uagb-advanced-heading uagb-block-90747899\"><h1 class=\"uagb-heading-text\">Experiencia<\/h1><\/div>\n<\/div><\/div>\n\n\n\n<div class=\"wp-block-uagb-container uagb-block-47f641d6 alignfull uagb-is-root-container\"><div class=\"uagb-container-inner-blocks-wrap\">\n<div data-aos= \"flip-down\" data-aos-duration=\"400\" data-aos-delay=\"0\" data-aos-easing=\"ease\" data-aos-once=\"true\" class=\"wp-block-uagb-info-box uagb-block-25ac16a2 uagb-infobox__content-wrap  uagb-infobox-icon-above-title uagb-infobox-image-valign-top wp-block-uagb-info-box--has-margin\"><div class=\"uagb-infobox-margin-wrapper\"><div class=\"uagb-ifb-content\"><div class=\"uagb-ifb-title-wrap\"><span class=\"uagb-ifb-title-prefix\">Soluciones personalizadas para las necesidades espec\u00edficas de cada m\u00e1quina y proyecto.<\/span><h2 class=\"uagb-ifb-title\">Maquinaria - Nuestro Know-How<\/h2><\/div><\/div><\/div><\/div>\n\n\n\n<div class=\"wp-block-uagb-container uagb-block-64303c90 alignfull uagb-is-root-container\"><div class=\"uagb-container-inner-blocks-wrap\">\n<div id=\"Experts-in-pre-owned-graphic-machinery\" class=\"wp-block-uagb-container uagb-block-a2417736 alignfull uagb-is-root-container\"><div class=\"uagb-container-inner-blocks-wrap\">\n<div data-aos= \"slide-right\" data-aos-duration=\"400\" data-aos-delay=\"0\" data-aos-easing=\"ease\" data-aos-once=\"true\" class=\"wp-block-uagb-container uagb-block-51cefe5c\">\n<div class=\"wp-block-uagb-advanced-heading uagb-block-be2f28be\"><h3 class=\"uagb-heading-text\">Expertos en maquinaria gr\u00e1fica de segunda mano<\/h3><\/div>\n\n\n\n<p>Todo nuestro equipo es maquinaria de segunda mano de alta calidad. Sin embargo, bajo solicitud espec\u00edfica, podemos ofrecer una remodelaci\u00f3n completa. Este proceso incluye desmontaje, limpieza industrial y pintura para garantizar que la m\u00e1quina quede totalmente reformada a un est\u00e1ndar profesional de \"como nueva\".<\/p>\n<\/div>\n\n\n\n<div data-aos= \"slide-left\" data-aos-duration=\"400\" data-aos-delay=\"0\" data-aos-easing=\"ease\" data-aos-once=\"true\" class=\"wp-block-uagb-container uagb-block-9a26bf6c\">\n<div class=\"wp-block-uagb-image uagb-block-620c7cc8 wp-block-uagb-image--layout-default wp-block-uagb-image--effect-static wp-block-uagb-image--align-none\"><figure class=\"wp-block-uagb-image__figure\"><img decoding=\"async\" srcset=\"https:\/\/icdsa.es\/wp-content\/uploads\/2026\/02\/expert-pre-owned-768x1024.webp ,https:\/\/icdsa.es\/wp-content\/uploads\/2026\/02\/expert-pre-owned.webp 780w, https:\/\/icdsa.es\/wp-content\/uploads\/2026\/02\/expert-pre-owned.webp 360w\" sizes=\"auto, (max-width: 480px) 150px\" src=\"https:\/\/icdsa.es\/wp-content\/uploads\/2026\/02\/expert-pre-owned-768x1024.webp\" alt=\"experto-pre-propiedad de\" class=\"uag-image-3614\" width=\"500\" height=\"500\" title=\"experto-pre-propiedad de\" loading=\"lazy\" role=\"img\"\/><\/figure><\/div>\n<\/div>\n<\/div><\/div>\n\n\n\n<div id=\"Reconditioning-of-Machinery\" class=\"wp-block-uagb-container uagb-block-9b245cf7 alignfull uagb-is-root-container\"><div class=\"uagb-container-inner-blocks-wrap\">\n<div data-aos= \"slide-right\" data-aos-duration=\"400\" data-aos-delay=\"0\" data-aos-easing=\"ease\" data-aos-once=\"true\" class=\"wp-block-uagb-container uagb-block-67e71bd4\">\n<div class=\"wp-block-uagb-image uagb-block-4d24f00c wp-block-uagb-image--layout-default wp-block-uagb-image--effect-static wp-block-uagb-image--align-none\"><figure class=\"wp-block-uagb-image__figure\"><img decoding=\"async\" srcset=\"https:\/\/icdsa.es\/wp-content\/uploads\/2026\/01\/reconditioning-of-machinery-1024x768.webp ,https:\/\/icdsa.es\/wp-content\/uploads\/2026\/01\/reconditioning-of-machinery.webp 780w, https:\/\/icdsa.es\/wp-content\/uploads\/2026\/01\/reconditioning-of-machinery.webp 360w\" sizes=\"auto, (max-width: 480px) 150px\" src=\"https:\/\/icdsa.es\/wp-content\/uploads\/2026\/01\/reconditioning-of-machinery-1024x768.webp\" alt=\"\" class=\"uag-image-3500\" width=\"500\" height=\"500\" title=\"reacondicionamiento de maquinaria\" loading=\"lazy\" role=\"img\"\/><\/figure><\/div>\n<\/div>\n\n\n\n<div data-aos= \"slide-left\" data-aos-duration=\"400\" data-aos-delay=\"0\" data-aos-easing=\"ease\" data-aos-once=\"true\" class=\"wp-block-uagb-container uagb-block-16d4997e\">\n<div class=\"wp-block-uagb-advanced-heading uagb-block-3298ca52\"><h3 class=\"uagb-heading-text\"><strong>Reacondicionamiento de M\u00e1quinas<\/strong><\/h3><p class=\"uagb-desc-text\">Montaje y desmontaje de maquinaria<\/p><div class=\"uagb-separator\"><\/div><\/div>\n\n\n\n<p>Estamos totalmente de desmantelar el equipo y realizar una limpieza a fondo, la reparaci\u00f3n o sustituci\u00f3n de los componentes necesarios. Una vez completa, todas las piezas son cuidadosamente armado y terminado.<\/p>\n<\/div>\n<\/div><\/div>\n\n\n\n<div id=\"cleaning-and-painting-booths\" class=\"wp-block-uagb-container uagb-block-3b915b04 alignfull uagb-is-root-container\"><div class=\"uagb-container-inner-blocks-wrap\">\n<div data-aos= \"slide-right\" data-aos-duration=\"400\" data-aos-delay=\"0\" data-aos-easing=\"ease\" data-aos-once=\"true\" class=\"wp-block-uagb-container uagb-block-db5e0e1e\">\n<div class=\"wp-block-uagb-advanced-heading uagb-block-94dbcf2a\"><h3 class=\"uagb-heading-text\"><strong><strong>Cabinas<\/strong><\/strong> de<strong><strong> pintura y lavado<\/strong><\/strong><\/h3><p class=\"uagb-desc-text\"><strong>M\u00e1quinas como nuevas<\/strong><\/p><div class=\"uagb-separator\"><\/div><\/div>\n\n\n\n<p>Cuando se solicita, podemos preparar las m\u00e1quinas para que se queden como nuevas; mediante una limpieza exhaustiva y pintura de precisi\u00f3n de cada componente, garantizando una calidad excepcional y atenci\u00f3n al detalle.<\/p>\n<\/div>\n\n\n\n<div data-aos= \"slide-left\" data-aos-duration=\"400\" data-aos-delay=\"0\" data-aos-easing=\"ease\" data-aos-once=\"true\" class=\"wp-block-uagb-container uagb-block-2a69febf\">\n<div class=\"wp-block-uagb-image uagb-block-cbf551a7 wp-block-uagb-image--layout-default wp-block-uagb-image--effect-static wp-block-uagb-image--align-none\"><figure class=\"wp-block-uagb-image__figure\"><img decoding=\"async\" srcset=\"https:\/\/icdsa.es\/wp-content\/uploads\/2025\/06\/1-1-768x1024.jpg ,https:\/\/icdsa.es\/wp-content\/uploads\/2025\/06\/1-1.jpg 780w, https:\/\/icdsa.es\/wp-content\/uploads\/2025\/06\/1-1.jpg 360w\" sizes=\"auto, (max-width: 480px) 150px\" src=\"https:\/\/icdsa.es\/wp-content\/uploads\/2025\/06\/1-1-768x1024.jpg\" alt=\"\" class=\"uag-image-2846\" width=\"500\" height=\"500\" title=\"1 (1)\" loading=\"lazy\" role=\"img\"\/><\/figure><\/div>\n<\/div>\n<\/div><\/div>\n\n\n\n<div id=\"loading-and-transport\" class=\"wp-block-uagb-container uagb-block-c59da7da alignfull uagb-is-root-container\"><div class=\"uagb-container-inner-blocks-wrap\">\n<div data-aos= \"slide-left\" data-aos-duration=\"400\" data-aos-delay=\"0\" data-aos-easing=\"ease\" data-aos-once=\"true\" class=\"wp-block-uagb-container uagb-block-cf90f333\">\n<div class=\"wp-block-uagb-image uagb-block-c4f769bd wp-block-uagb-image--layout-default wp-block-uagb-image--effect-static wp-block-uagb-image--align-none\"><figure class=\"wp-block-uagb-image__figure\"><img decoding=\"async\" srcset=\"https:\/\/icdsa.es\/wp-content\/uploads\/2025\/06\/5-1024x768.jpg ,https:\/\/icdsa.es\/wp-content\/uploads\/2025\/06\/5.jpg 780w, https:\/\/icdsa.es\/wp-content\/uploads\/2025\/06\/5.jpg 360w\" sizes=\"auto, (max-width: 480px) 150px\" src=\"https:\/\/icdsa.es\/wp-content\/uploads\/2025\/06\/5-1024x768.jpg\" alt=\"\" class=\"uag-image-2858\" width=\"500\" height=\"500\" title=\"5\" loading=\"lazy\" role=\"img\"\/><\/figure><\/div>\n<\/div>\n\n\n\n<div data-aos= \"slide-right\" data-aos-duration=\"400\" data-aos-delay=\"0\" data-aos-easing=\"ease\" data-aos-once=\"true\" class=\"wp-block-uagb-container uagb-block-2ca76717\">\n<div class=\"wp-block-uagb-advanced-heading uagb-block-df925de2\" id=\"loading-and-transport\"><h3 class=\"uagb-heading-text\"><strong><strong><strong><strong>Carga y transporte<\/strong><\/strong><\/strong><\/strong><\/h3><p class=\"uagb-desc-text\"><strong>A nivel nacional y local \u2013 Cuando quieras, donde quieras<\/strong>.<\/p><div class=\"uagb-separator\"><\/div><\/div>\n\n\n\n<p>Nos asociamos con expertos en log\u00edstica del sector para entregar su maquinaria en cualquier parte del mundo. Cargamos contenedores y tr\u00e1ileres. Al trabajar con profesionales del transporte especializados, garantizamos que su equipo llegue de forma segura y protegida.<\/p>\n<\/div>\n<\/div><\/div>\n\n\n\n<div id=\"Dismantling-and-Installation\" class=\"wp-block-uagb-container uagb-block-cd682033 alignfull uagb-is-root-container\"><div class=\"uagb-container-inner-blocks-wrap\">\n<div data-aos= \"slide-left\" data-aos-duration=\"400\" data-aos-delay=\"0\" data-aos-easing=\"ease\" data-aos-once=\"true\" class=\"wp-block-uagb-container uagb-block-00363860\">\n<div class=\"wp-block-uagb-advanced-heading uagb-block-d8f4791e\"><h3 class=\"uagb-heading-text\"><strong><strong><strong>Desmontaje e Instalaci\u00f3n<\/strong><\/strong><\/strong><\/h3><\/div>\n\n\n\n<p>Ofrecemos un servicio completo en las instalaciones tanto para compradores como para vendedores. Nuestro equipo puede desmontar y cargar maquinaria directamente en sus instalaciones, garantizando una preparaci\u00f3n segura y eficiente para el transporte. Para los clientes dentro de Espa\u00f1a que adquieran maquinaria de nuestro inventario, contamos con equipos de instalaci\u00f3n especializados para asegurar que la maquinaria quede instalada y completamente operativa.<\/p>\n<\/div>\n\n\n\n<div data-aos= \"slide-right\" data-aos-duration=\"400\" data-aos-delay=\"0\" data-aos-easing=\"ease\" data-aos-once=\"true\" class=\"wp-block-uagb-container uagb-block-895f813d\">\n<div class=\"wp-block-uagb-image uagb-block-8faf7a7d wp-block-uagb-image--layout-default wp-block-uagb-image--effect-static wp-block-uagb-image--align-none\"><figure class=\"wp-block-uagb-image__figure\"><img decoding=\"async\" srcset=\"https:\/\/icdsa.es\/wp-content\/uploads\/2026\/01\/dismantling-and-installation-1024x768.jpg ,https:\/\/icdsa.es\/wp-content\/uploads\/2026\/01\/dismantling-and-installation.jpg 780w, https:\/\/icdsa.es\/wp-content\/uploads\/2026\/01\/dismantling-and-installation.jpg 360w\" sizes=\"auto, (max-width: 480px) 150px\" src=\"https:\/\/icdsa.es\/wp-content\/uploads\/2026\/01\/dismantling-and-installation-1024x768.jpg\" alt=\"\" class=\"uag-image-3502\" width=\"500\" height=\"500\" title=\"el desmontaje y la instalaci\u00f3n\" loading=\"lazy\" role=\"img\"\/><\/figure><\/div>\n<\/div>\n<\/div><\/div>\n\n\n\n<div id=\"Technical-Service\" class=\"wp-block-uagb-container uagb-block-ab9ad41c alignfull uagb-is-root-container\"><div class=\"uagb-container-inner-blocks-wrap\">\n<div data-aos= \"slide-right\" data-aos-duration=\"400\" data-aos-delay=\"0\" data-aos-easing=\"ease\" data-aos-once=\"true\" class=\"wp-block-uagb-container uagb-block-4238d00a\">\n<div class=\"wp-block-uagb-image uagb-block-dd1a5980 wp-block-uagb-image--layout-default wp-block-uagb-image--effect-static wp-block-uagb-image--align-none\"><figure class=\"wp-block-uagb-image__figure\"><img decoding=\"async\" srcset=\"https:\/\/icdsa.es\/wp-content\/uploads\/2025\/06\/12-1024x768.jpg ,https:\/\/icdsa.es\/wp-content\/uploads\/2025\/06\/12.jpg 780w, https:\/\/icdsa.es\/wp-content\/uploads\/2025\/06\/12.jpg 360w\" sizes=\"auto, (max-width: 480px) 150px\" src=\"https:\/\/icdsa.es\/wp-content\/uploads\/2025\/06\/12-1024x768.jpg\" alt=\"\" class=\"uag-image-2812\" width=\"500\" height=\"500\" title=\"12\" loading=\"lazy\" role=\"img\"\/><\/figure><\/div>\n<\/div>\n\n\n\n<div data-aos= \"slide-left\" data-aos-duration=\"400\" data-aos-delay=\"0\" data-aos-easing=\"ease\" data-aos-once=\"true\" class=\"wp-block-uagb-container uagb-block-bbc3ba7b\">\n<div class=\"wp-block-uagb-advanced-heading uagb-block-3c10128e\"><h3 class=\"uagb-heading-text\"><strong><strong><strong>Servicio T\u00e9cnico<\/strong><\/strong><\/strong><\/h3><\/div>\n\n\n\n<p>Nuestro equipo t\u00e9cnico est\u00e1 especializado en maquinaria de primera clase e incluye t\u00e9cnicos altamente cualificados con casi 40 a\u00f1os de experiencia pr\u00e1ctica en m\u00faltiples \u00e1reas especializadas, garantizando un servicio fiable y eficiente.<\/p>\n<\/div>\n<\/div><\/div>\n<\/div><\/div>\n<\/div><\/div>","protected":false},"excerpt":{"rendered":"<p>Expertise Experts in pre-owned graphic machinery All of our equipment is high-quality pre-owned machinery. However, upon specific request, we can provide a full refurbishment. This process includes dismantling, industrial cleaning, and painting to ensure the machine is totally reformed to an &#8216;as-new&#8217; professional standard. Reconditioning of Machinery Assembly and disassembly of machinery We fully dismantle [&hellip;]<\/p>\n","protected":false},"author":1,"featured_media":0,"parent":0,"menu_order":0,"comment_status":"closed","ping_status":"closed","template":"","meta":{"_uag_custom_page_level_css":"","site-sidebar-layout":"no-sidebar","site-content-layout":"plain-container","ast-site-content-layout":"normal-width-container","site-content-style":"unboxed","site-sidebar-style":"unboxed","ast-global-header-display":"","ast-banner-title-visibility":"","ast-main-header-display":"","ast-hfb-above-header-display":"","ast-hfb-below-header-display":"","ast-hfb-mobile-header-display":"","site-post-title":"disabled","ast-breadcrumbs-content":"","ast-featured-img":"disabled","footer-sml-layout":"","ast-disable-related-posts":"","theme-transparent-header-meta":"enabled","adv-header-id-meta":"","stick-header-meta":"","header-above-stick-meta":"","header-main-stick-meta":"","header-below-stick-meta":"","astra-migrate-meta-layouts":"set","ast-page-background-enabled":"default","ast-page-background-meta":{"desktop":{"background-color":"","background-image":"","background-repeat":"repeat","background-position":"center center","background-size":"auto","background-attachment":"scroll","background-type":"","background-media":"","overlay-type":"","overlay-color":"","overlay-opacity":"","overlay-gradient":""},"tablet":{"background-color":"","background-image":"","background-repeat":"repeat","background-position":"center center","background-size":"auto","background-attachment":"scroll","background-type":"","background-media":"","overlay-type":"","overlay-color":"","overlay-opacity":"","overlay-gradient":""},"mobile":{"background-color":"","background-image":"","background-repeat":"repeat","background-position":"center center","background-size":"auto","background-attachment":"scroll","background-type":"","background-media":"","overlay-type":"","overlay-color":"","overlay-opacity":"","overlay-gradient":""}},"ast-content-background-meta":{"desktop":{"background-color":"var(--ast-global-color-5)","background-image":"","background-repeat":"repeat","background-position":"center center","background-size":"auto","background-attachment":"scroll","background-type":"","background-media":"","overlay-type":"","overlay-color":"","overlay-opacity":"","overlay-gradient":""},"tablet":{"background-color":"var(--ast-global-color-5)","background-image":"","background-repeat":"repeat","background-position":"center center","background-size":"auto","background-attachment":"scroll","background-type":"","background-media":"","overlay-type":"","overlay-color":"","overlay-opacity":"","overlay-gradient":""},"mobile":{"background-color":"var(--ast-global-color-5)","background-image":"","background-repeat":"repeat","background-position":"center center","background-size":"auto","background-attachment":"scroll","background-type":"","background-media":"","overlay-type":"","overlay-color":"","overlay-opacity":"","overlay-gradient":""}},"footnotes":""},"class_list":["post-912","page","type-page","status-publish","hentry"],"yoast_head":"<!-- This site is optimized with the Yoast SEO plugin v27.2 - https:\/\/yoast.com\/product\/yoast-seo-wordpress\/ -->\n<title>Expertise - ICD<\/title>\n<meta name=\"robots\" content=\"index, follow, max-snippet:-1, max-image-preview:large, max-video-preview:-1\" \/>\n<link rel=\"canonical\" href=\"https:\/\/icdsa.es\/es\/experiencia\/\" \/>\n<meta property=\"og:locale\" content=\"es_ES\" \/>\n<meta property=\"og:type\" content=\"article\" \/>\n<meta property=\"og:title\" content=\"Expertise - ICD\" \/>\n<meta property=\"og:description\" content=\"Expertise Experts in pre-owned graphic machinery All of our equipment is high-quality pre-owned machinery. However, upon specific request, we can provide a full refurbishment. This process includes dismantling, industrial cleaning, and painting to ensure the machine is totally reformed to an &#8216;as-new&#8217; professional standard. Reconditioning of Machinery Assembly and disassembly of machinery We fully dismantle [&hellip;]\" \/>\n<meta property=\"og:url\" content=\"https:\/\/icdsa.es\/es\/experiencia\/\" \/>\n<meta property=\"og:site_name\" content=\"ICD\" \/>\n<meta property=\"article:modified_time\" content=\"2026-02-19T07:38:00+00:00\" \/>\n<meta property=\"og:image\" content=\"https:\/\/icdsa.es\/wp-content\/uploads\/2026\/02\/expert-pre-owned-768x1024.webp\" \/>\n<meta name=\"twitter:card\" content=\"summary_large_image\" \/>\n<meta name=\"twitter:label1\" content=\"Tiempo de lectura\" \/>\n\t<meta name=\"twitter:data1\" content=\"2 minutos\" \/>\n<script type=\"application\/ld+json\" class=\"yoast-schema-graph\">{\"@context\":\"https:\/\/schema.org\",\"@graph\":[{\"@type\":\"WebPage\",\"@id\":\"https:\/\/icdsa.es\/expertise\/\",\"url\":\"https:\/\/icdsa.es\/expertise\/\",\"name\":\"Expertise - ICD\",\"isPartOf\":{\"@id\":\"https:\/\/icdsa.es\/#website\"},\"primaryImageOfPage\":{\"@id\":\"https:\/\/icdsa.es\/expertise\/#primaryimage\"},\"image\":{\"@id\":\"https:\/\/icdsa.es\/expertise\/#primaryimage\"},\"thumbnailUrl\":\"https:\/\/icdsa.es\/wp-content\/uploads\/2026\/02\/expert-pre-owned-768x1024.webp\",\"datePublished\":\"2025-06-20T09:23:08+00:00\",\"dateModified\":\"2026-02-19T07:38:00+00:00\",\"breadcrumb\":{\"@id\":\"https:\/\/icdsa.es\/expertise\/#breadcrumb\"},\"inLanguage\":\"es\",\"potentialAction\":[{\"@type\":\"ReadAction\",\"target\":[\"https:\/\/icdsa.es\/expertise\/\"]}]},{\"@type\":\"ImageObject\",\"inLanguage\":\"es\",\"@id\":\"https:\/\/icdsa.es\/expertise\/#primaryimage\",\"url\":\"https:\/\/icdsa.es\/wp-content\/uploads\/2026\/02\/expert-pre-owned-768x1024.webp\",\"contentUrl\":\"https:\/\/icdsa.es\/wp-content\/uploads\/2026\/02\/expert-pre-owned-768x1024.webp\"},{\"@type\":\"BreadcrumbList\",\"@id\":\"https:\/\/icdsa.es\/expertise\/#breadcrumb\",\"itemListElement\":[{\"@type\":\"ListItem\",\"position\":1,\"name\":\"Home\",\"item\":\"https:\/\/icdsa.es\/\"},{\"@type\":\"ListItem\",\"position\":2,\"name\":\"Expertise\"}]},{\"@type\":\"WebSite\",\"@id\":\"https:\/\/icdsa.es\/#website\",\"url\":\"https:\/\/icdsa.es\/\",\"name\":\"ICD\",\"description\":\"Las mejores soluciones de impresi\u00f3n profesional desde 1985\",\"publisher\":{\"@id\":\"https:\/\/icdsa.es\/#organization\"},\"potentialAction\":[{\"@type\":\"SearchAction\",\"target\":{\"@type\":\"EntryPoint\",\"urlTemplate\":\"https:\/\/icdsa.es\/?s={search_term_string}\"},\"query-input\":{\"@type\":\"PropertyValueSpecification\",\"valueRequired\":true,\"valueName\":\"search_term_string\"}}],\"inLanguage\":\"es\"},{\"@type\":\"Organization\",\"@id\":\"https:\/\/icdsa.es\/#organization\",\"name\":\"ICD\",\"url\":\"https:\/\/icdsa.es\/\",\"logo\":{\"@type\":\"ImageObject\",\"inLanguage\":\"es\",\"@id\":\"https:\/\/icdsa.es\/#\/schema\/logo\/image\/\",\"url\":\"https:\/\/icdsa.es\/wp-content\/uploads\/2026\/02\/logo-40-anos.png\",\"contentUrl\":\"https:\/\/icdsa.es\/wp-content\/uploads\/2026\/02\/logo-40-anos.png\",\"width\":500,\"height\":170,\"caption\":\"ICD\"},\"image\":{\"@id\":\"https:\/\/icdsa.es\/#\/schema\/logo\/image\/\"}}]}<\/script>\n<!-- \/ Yoast SEO plugin. -->","yoast_head_json":{"title":"Expertise - ICD","robots":{"index":"index","follow":"follow","max-snippet":"max-snippet:-1","max-image-preview":"max-image-preview:large","max-video-preview":"max-video-preview:-1"},"canonical":"https:\/\/icdsa.es\/es\/experiencia\/","og_locale":"es_ES","og_type":"article","og_title":"Expertise - ICD","og_description":"Expertise Experts in pre-owned graphic machinery All of our equipment is high-quality pre-owned machinery. However, upon specific request, we can provide a full refurbishment. This process includes dismantling, industrial cleaning, and painting to ensure the machine is totally reformed to an &#8216;as-new&#8217; professional standard. Reconditioning of Machinery Assembly and disassembly of machinery We fully dismantle [&hellip;]","og_url":"https:\/\/icdsa.es\/es\/experiencia\/","og_site_name":"ICD","article_modified_time":"2026-02-19T07:38:00+00:00","og_image":[{"url":"https:\/\/icdsa.es\/wp-content\/uploads\/2026\/02\/expert-pre-owned-768x1024.webp","type":"","width":"","height":""}],"twitter_card":"summary_large_image","twitter_misc":{"Tiempo de lectura":"2 minutos"},"schema":{"@context":"https:\/\/schema.org","@graph":[{"@type":"WebPage","@id":"https:\/\/icdsa.es\/expertise\/","url":"https:\/\/icdsa.es\/expertise\/","name":"Expertise - ICD","isPartOf":{"@id":"https:\/\/icdsa.es\/#website"},"primaryImageOfPage":{"@id":"https:\/\/icdsa.es\/expertise\/#primaryimage"},"image":{"@id":"https:\/\/icdsa.es\/expertise\/#primaryimage"},"thumbnailUrl":"https:\/\/icdsa.es\/wp-content\/uploads\/2026\/02\/expert-pre-owned-768x1024.webp","datePublished":"2025-06-20T09:23:08+00:00","dateModified":"2026-02-19T07:38:00+00:00","breadcrumb":{"@id":"https:\/\/icdsa.es\/expertise\/#breadcrumb"},"inLanguage":"es","potentialAction":[{"@type":"ReadAction","target":["https:\/\/icdsa.es\/expertise\/"]}]},{"@type":"ImageObject","inLanguage":"es","@id":"https:\/\/icdsa.es\/expertise\/#primaryimage","url":"https:\/\/icdsa.es\/wp-content\/uploads\/2026\/02\/expert-pre-owned-768x1024.webp","contentUrl":"https:\/\/icdsa.es\/wp-content\/uploads\/2026\/02\/expert-pre-owned-768x1024.webp"},{"@type":"BreadcrumbList","@id":"https:\/\/icdsa.es\/expertise\/#breadcrumb","itemListElement":[{"@type":"ListItem","position":1,"name":"Home","item":"https:\/\/icdsa.es\/"},{"@type":"ListItem","position":2,"name":"Expertise"}]},{"@type":"WebSite","@id":"https:\/\/icdsa.es\/#website","url":"https:\/\/icdsa.es\/","name":"CIE","description":"Las mejores soluciones de impresi\u00f3n profesional desde 1985","publisher":{"@id":"https:\/\/icdsa.es\/#organization"},"potentialAction":[{"@type":"SearchAction","target":{"@type":"EntryPoint","urlTemplate":"https:\/\/icdsa.es\/?s={search_term_string}"},"query-input":{"@type":"PropertyValueSpecification","valueRequired":true,"valueName":"search_term_string"}}],"inLanguage":"es"},{"@type":"Organization","@id":"https:\/\/icdsa.es\/#organization","name":"CIE","url":"https:\/\/icdsa.es\/","logo":{"@type":"ImageObject","inLanguage":"es","@id":"https:\/\/icdsa.es\/#\/schema\/logo\/image\/","url":"https:\/\/icdsa.es\/wp-content\/uploads\/2026\/02\/logo-40-anos.png","contentUrl":"https:\/\/icdsa.es\/wp-content\/uploads\/2026\/02\/logo-40-anos.png","width":500,"height":170,"caption":"ICD"},"image":{"@id":"https:\/\/icdsa.es\/#\/schema\/logo\/image\/"}}]}},"uagb_featured_image_src":{"full":false,"thumbnail":false,"medium":false,"medium_large":false,"large":false,"1536x1536":false,"2048x2048":false,"trp-custom-language-flag":false},"uagb_author_info":{"display_name":"mondo","author_link":"https:\/\/icdsa.es\/es\/author\/mondo\/"},"uagb_comment_info":0,"uagb_excerpt":"Expertise Experts in pre-owned graphic machinery All of our equipment is high-quality pre-owned machinery. However, upon specific request, we can provide a full refurbishment. This process includes dismantling, industrial cleaning, and painting to ensure the machine is totally reformed to an &#8216;as-new&#8217; professional standard. Reconditioning of Machinery Assembly and disassembly of machinery We fully dismantle&hellip;","_links":{"self":[{"href":"https:\/\/icdsa.es\/es\/wp-json\/wp\/v2\/pages\/912","targetHints":{"allow":["GET"]}}],"collection":[{"href":"https:\/\/icdsa.es\/es\/wp-json\/wp\/v2\/pages"}],"about":[{"href":"https:\/\/icdsa.es\/es\/wp-json\/wp\/v2\/types\/page"}],"author":[{"embeddable":true,"href":"https:\/\/icdsa.es\/es\/wp-json\/wp\/v2\/users\/1"}],"replies":[{"embeddable":true,"href":"https:\/\/icdsa.es\/es\/wp-json\/wp\/v2\/comments?post=912"}],"version-history":[{"count":100,"href":"https:\/\/icdsa.es\/es\/wp-json\/wp\/v2\/pages\/912\/revisions"}],"predecessor-version":[{"id":3708,"href":"https:\/\/icdsa.es\/es\/wp-json\/wp\/v2\/pages\/912\/revisions\/3708"}],"wp:attachment":[{"href":"https:\/\/icdsa.es\/es\/wp-json\/wp\/v2\/media?parent=912"}],"curies":[{"name":"wp","href":"https:\/\/api.w.org\/{rel}","templated":true}]}}